{"id":377,"date":"2021-03-12T22:45:55","date_gmt":"2021-03-12T22:45:55","guid":{"rendered":"https:\/\/fejszamol.hu\/?page_id=377"},"modified":"2021-03-21T06:18:56","modified_gmt":"2021-03-21T06:18:56","slug":"palyazatok","status":"publish","type":"page","link":"https:\/\/fejszamol.hu\/en\/palyazatok\/","title":{"rendered":"Tenders"},"content":{"rendered":"<p>[et_pb_section fb_built=&#8221;1&#8243; _builder_version=&#8221;3.22&#8243;][et_pb_row _builder_version=&#8221;3.25&#8243; background_size=&#8221;initial&#8221; background_position=&#8221;top_left&#8221; background_repeat=&#8221;repeat&#8221;][et_pb_column type=&#8221;4_4&#8243; _builder_version=&#8221;3.25&#8243; custom_padding=&#8221;|||&#8221; custom_padding__hover=&#8221;|||&#8221;][et_pb_text _builder_version=&#8221;4.9.2&#8243; background_size=&#8221;initial&#8221; background_position=&#8221;top_left&#8221; background_repeat=&#8221;repeat&#8221;]<\/p>\n<p>Dear Inquirers!<\/p>\n<p>Hereby we want to inform you that the following applications and auctions are in progress at our company.<\/p>\n<p>If you have questions related to an application or an auction, we respectfully ask you to make it only on the online interface of Electronic Sales System (https:\/\/eer.gov.hu) for the specific procedure.<a href=\"https:\/\/eer.gov.hu\">https:\/\/eer.gov.hu<\/a>) fel\u00fclet\u00e9n tegy\u00e9k fel az adott elj\u00e1r\u00e1sn\u00e1l.<\/p>\n<p>[\/et_pb_text][\/et_pb_column][\/et_pb_row][et_pb_row _builder_version=&#8221;4.9.2&#8243; _module_preset=&#8221;default&#8221;][et_pb_column _builder_version=&#8221;4.9.2&#8243; _module_preset=&#8221;default&#8221; type=&#8221;4_4&#8243;][et_pb_code _builder_version=&#8221;4.9.2&#8243; _module_preset=&#8221;default&#8221; hover_enabled=&#8221;0&#8243; sticky_enabled=&#8221;0&#8243;]<html><!-- [et_pb_line_break_holder] --><head><\/head><!-- [et_pb_line_break_holder] --><!-- [et_pb_line_break_holder] --><body onload=\"getData('https:\/\/rendszer.efoki.hu', 'EAAAADewzbER3H4xvY4v4BGoDE8Xe6sc7ncyYsTyqxP+O2Am', '5ace7e3d-8e9c-4a2b-a49a-fc0f25a9af43')\"><!-- [et_pb_line_break_holder] --><!-- [et_pb_line_break_holder] --><\/p>\n<div id=\"divPublicAnnouncementList\"><\/div>\n<p><!-- [et_pb_line_break_holder] --><!-- [et_pb_line_break_holder] --><script><!-- [et_pb_line_break_holder] --><!-- [et_pb_line_break_holder] -->function getData(serverAddress, databaseNameEncrypted, companiesList) {<!-- [et_pb_line_break_holder] --><!-- [et_pb_line_break_holder] -->\tvar xhttpRequest = new XMLHttpRequest();<!-- [et_pb_line_break_holder] -->\t<!-- [et_pb_line_break_holder] -->\txhttpRequest.onreadystatechange = function() {<!-- [et_pb_line_break_holder] -->\t\t <!-- [et_pb_line_break_holder] -->\t\tif (this.readyState == 4 && this.status == 200) {<!-- [et_pb_line_break_holder] -->\t\t\t<!-- [et_pb_line_break_holder] -->\t\t\t\tvar parsedJsonObject = JSON.parse(this.responseText);<!-- [et_pb_line_break_holder] -->\t\t\t\t<!-- [et_pb_line_break_holder] -->\t\t\t\tvar table = document.createElement(\"table\");<!-- [et_pb_line_break_holder] -->\t\t\t\t\t\t\t\t\t\t\t\t<!-- [et_pb_line_break_holder] -->\t\t\t\tfor (var i = 0; i < parsedJsonObject.length; i++) {<!-- [et_pb_line_break_holder] -->\t\t\t\t\t<!-- [et_pb_line_break_holder] -->\t\t\t\t\tfor (var j = 1; j < Object.values(parsedJsonObject[i]).length; j++) {<!-- [et_pb_line_break_holder] -->\t\t\t\t\t\t<!-- [et_pb_line_break_holder] -->\t\t\t\t\t\tswitch(j) {<!-- [et_pb_line_break_holder] -->\t\t\t\t\t\t\tcase 1:<!-- [et_pb_line_break_holder] -->\t\t\t\t\t\t\t\tvar tir = table.insertRow(-1);<!-- [et_pb_line_break_holder] -->\t\t\t\t\t\t\t\tvar tableCell = tir.insertCell(-1);<!-- [et_pb_line_break_holder] -->\t\t\t\t\t\t\t\ttableCell.innerHTML = \"<b><big>\"+Object.values(parsedJsonObject[i])[j]+\"<\/big><\/b>\";<!-- [et_pb_line_break_holder] -->\t\t\t\t\t\t\t\tbreak;<!-- [et_pb_line_break_holder] -->\t\t\t\t\t\t\tcase 2:<!-- [et_pb_line_break_holder] -->\t\t\t\t\t\t\tcase 3:<!-- [et_pb_line_break_holder] -->\t\t\t\t\t\t\t\tvar tir = table.insertRow(-1);<!-- [et_pb_line_break_holder] -->\t\t\t\t\t\t\t\tvar tableCell = tir.insertCell(-1);<!-- [et_pb_line_break_holder] -->\t\t\t\t\t\t\t\ttableCell.innerHTML = Object.values(parsedJsonObject[i])[j];<!-- [et_pb_line_break_holder] -->\t\t\t\t\t\t\t\tbreak;<!-- [et_pb_line_break_holder] -->\t\t\t\t\t\t\tcase 4:<!-- [et_pb_line_break_holder] -->\t\t\t\t\t\t\t\tvar tir = table.insertRow(-1);<!-- [et_pb_line_break_holder] -->\t\t\t\t\t\t\t\tvar tableCell = tir.insertCell(-1);<!-- [et_pb_line_break_holder] -->\t\t\t\t\t\t\t\ttableCell.innerHTML = \"Kapcsol\u00f3d\u00f3 dokumentum(ok) let\u00f6lt\u00e9se:\";<!-- [et_pb_line_break_holder] -->\t\t\t\t\t\t\t\t<!-- [et_pb_line_break_holder] -->\t\t\t\t\t\t\t\tfor (var k = 0; k < Object.values(parsedJsonObject[i])[j].length; k++) {<!-- [et_pb_line_break_holder] -->\t\t\t\t\t\t\t\t\tvar tir = table.insertRow(-1);\t\t\t\t\t\t\t<!-- [et_pb_line_break_holder] -->\t\t\t\t\t\t\t\t\tvar tableCell = tir.insertCell(-1);<!-- [et_pb_line_break_holder] -->\t\t\t\t\t\t\t\t\ttableCell.innerHTML = \"<a href=\\\"\"+Object.values(parsedJsonObject[i])[j][k]+\"\\\">\"+[k+1]+\". dokumentum<a>\";\t\t\t\t\t\t\t\t\t<!-- [et_pb_line_break_holder] -->\t\t\t\t\t\t\t\t}<!-- [et_pb_line_break_holder] -->\t\t\t\t\t\t\t\tbreak;\t\t\t\t\t\t\t\t\t<!-- [et_pb_line_break_holder] -->\t\t\t\t\t\t\tcase 6:<!-- [et_pb_line_break_holder] -->\t\t\t\t\t\t\t\tvar tir = table.insertRow(-1);<!-- [et_pb_line_break_holder] -->\t\t\t\t\t\t\t\tvar tableCell = tir.insertCell(-1);<!-- [et_pb_line_break_holder] -->\t\t\t\t\t\t\t\ttableCell.innerHTML = \"Kapcsol\u00f3d\u00f3 E\u00c9R link(ek):\";<!-- [et_pb_line_break_holder] -->\t\t\t\t\t\t\t\t<!-- [et_pb_line_break_holder] -->\t\t\t\t\t\t\t\tfor (var k = 0; k < Object.values(parsedJsonObject[i])[j].length; k++) {<!-- [et_pb_line_break_holder] -->\t\t\t\t\t\t\t\t\tvar tir = table.insertRow(-1);\t\t\t\t\t\t\t<!-- [et_pb_line_break_holder] -->\t\t\t\t\t\t\t\t\tvar tableCell = tir.insertCell(-1);<!-- [et_pb_line_break_holder] -->\t\t\t\t\t\t\t\t\ttableCell.innerHTML = \"<a href=\\\"\"+Object.values(parsedJsonObject[i])[j][k]+\"\\\">\"+[k+1]+\". E\u00c9R link<a>\";\t\t\t\t\t\t\t\t\t\t<!-- [et_pb_line_break_holder] -->\t\t\t\t\t\t\t\t}<!-- [et_pb_line_break_holder] -->\t\t\t\t\t\t\t\tbreak;<!-- [et_pb_line_break_holder] -->\t\t\t\t\t\t}<!-- [et_pb_line_break_holder] -->\t\t\t\t\t\t<!-- [et_pb_line_break_holder] -->\t\t\t\t\t}<!-- [et_pb_line_break_holder] --><!-- [et_pb_line_break_holder] -->\t\t\t\t\tvar tir = table.insertRow(-1);<!-- [et_pb_line_break_holder] -->\t\t\t\t\tvar tableCell = tir.insertCell(-1);<!-- [et_pb_line_break_holder] -->\t\t\t\t\ttableCell.innerHTML = \"<\/p>\n<hr>\n<p>\";<!-- [et_pb_line_break_holder] -->\t\t\t\t}<!-- [et_pb_line_break_holder] -->\t\t\t\t\t\t\t\t\t\t\t\t<!-- [et_pb_line_break_holder] -->\t\t\t\tvar divContainer = document.getElementById(\"divPublicAnnouncementList\");<!-- [et_pb_line_break_holder] -->\t\t\t\tdivContainer.appendChild(table);<!-- [et_pb_line_break_holder] --><!-- [et_pb_line_break_holder] -->\t\t}<!-- [et_pb_line_break_holder] -->\t};<!-- [et_pb_line_break_holder] -->\t\t<!-- [et_pb_line_break_holder] -->\txhttpRequest.open(\"GET\", serverAddress + \"\/api\/publicannouncementlist\/GetAnnouncementData?databaseNameEncrypted=\" + encodeURIComponent(databaseNameEncrypted) + \"&companiesList=\" + encodeURIComponent(companiesList));<!-- [et_pb_line_break_holder] -->\t<!-- [et_pb_line_break_holder] -->\txhttpRequest.send();<!-- [et_pb_line_break_holder] -->}<!-- [et_pb_line_break_holder] --><!-- [et_pb_line_break_holder] --><\/script><!-- [et_pb_line_break_holder] --><!-- [et_pb_line_break_holder] --><\/body><!-- [et_pb_line_break_holder] --><\/html>[\/et_pb_code][\/et_pb_column][\/et_pb_row][\/et_pb_section]<\/p>","protected":false},"excerpt":{"rendered":"<p>Tisztelt \u00c9rdekl\u0151d\u0151k! Ez\u00faton t\u00e1j\u00e9koztatjuk \u00d6n\u00f6ket, hogy t\u00e1rsas\u00e1gunkn\u00e1l az al\u00e1bbi p\u00e1ly\u00e1zatok \u00e9s \u00e1rver\u00e9sek vannak folyamatban. Amennyiben a p\u00e1ly\u00e1zatokkal vagy az \u00e1rver\u00e9sekkel kapcsolatosan k\u00e9rd\u00e9s\u00fck van, ez\u00faton k\u00e9rj\u00fck, hogy azt az Elektronikus \u00c9rt\u00e9kes\u00edt\u00e9si Rendszer (https:\/\/eer.gov.hu) fel\u00fclet\u00e9n tegy\u00e9k fel az adott elj\u00e1r\u00e1sn\u00e1l.<\/p>","protected":false},"author":1,"featured_media":0,"parent":0,"menu_order":0,"comment_status":"closed","ping_status":"closed","template":"","meta":{"_et_pb_use_builder":"on","_et_pb_old_content":"<p>Ez\u00faton t\u00e1j\u00e9koztatjuk \u00d6n\u00f6ket, hogy t\u00e1rsas\u00e1gunkn\u00e1l az al\u00e1bbi p\u00e1ly\u00e1zatok \u00e9s \u00e1rver\u00e9sek vannak folyamatban.<\/p><p>Amennyiben a p\u00e1ly\u00e1zatokkal vagy az \u00e1rver\u00e9sekkel kapcsolatosan k\u00e9rd\u00e9s\u00fck van, ez\u00faton k\u00e9rj\u00fck, hogy azt az Elektronikus \u00c9rt\u00e9kes\u00edt\u00e9si Rendszer (<a href=\"https:\/\/eer.gov.hu\">https:\/\/eer.gov.hu<\/a>) fel\u00fclet\u00e9n tegy\u00e9k fel az adott elj\u00e1r\u00e1sn\u00e1l.<\/p>","_et_gb_content_width":"","footnotes":""},"class_list":["post-377","page","type-page","status-publish","hentry"],"_links":{"self":[{"href":"https:\/\/fejszamol.hu\/en\/wp-json\/wp\/v2\/pages\/377","targetHints":{"allow":["GET"]}}],"collection":[{"href":"https:\/\/fejszamol.hu\/en\/wp-json\/wp\/v2\/pages"}],"about":[{"href":"https:\/\/fejszamol.hu\/en\/wp-json\/wp\/v2\/types\/page"}],"author":[{"embeddable":true,"href":"https:\/\/fejszamol.hu\/en\/wp-json\/wp\/v2\/users\/1"}],"replies":[{"embeddable":true,"href":"https:\/\/fejszamol.hu\/en\/wp-json\/wp\/v2\/comments?post=377"}],"version-history":[{"count":7,"href":"https:\/\/fejszamol.hu\/en\/wp-json\/wp\/v2\/pages\/377\/revisions"}],"predecessor-version":[{"id":543,"href":"https:\/\/fejszamol.hu\/en\/wp-json\/wp\/v2\/pages\/377\/revisions\/543"}],"wp:attachment":[{"href":"https:\/\/fejszamol.hu\/en\/wp-json\/wp\/v2\/media?parent=377"}],"curies":[{"name":"wp","href":"https:\/\/api.w.org\/{rel}","templated":true}]}}