{"id":258,"date":"2021-03-10T21:30:13","date_gmt":"2021-03-10T21:30:13","guid":{"rendered":"https:\/\/fejszamol.hu\/?page_id=258"},"modified":"2024-07-04T13:03:53","modified_gmt":"2024-07-04T13:03:53","slug":"felhivasok","status":"publish","type":"page","link":"https:\/\/fejszamol.hu\/en\/felhivasok\/","title":{"rendered":"For Creditors"},"content":{"rendered":"<p>[et_pb_section fb_built=&#8221;1&#8243; _builder_version=&#8221;4.16&#8243; _module_preset=&#8221;default&#8221; global_colors_info=&#8221;{}&#8221;][et_pb_row _builder_version=&#8221;4.16&#8243; _module_preset=&#8221;default&#8221; global_colors_info=&#8221;{}&#8221;][et_pb_column type=&#8221;4_4&#8243; _builder_version=&#8221;4.16&#8243; _module_preset=&#8221;default&#8221; global_colors_info=&#8221;{}&#8221;][et_pb_text _builder_version=&#8221;4.17.1&#8243; _module_preset=&#8221;default&#8221; hover_enabled=&#8221;0&#8243; global_colors_info=&#8221;{}&#8221; sticky_enabled=&#8221;0&#8243;]<\/p>\n<p><strong>A Cstv. 63\/B. \u00a7 (1) bek. szerinti felh\u00edv\u00e1s<\/strong><\/p>\n<p>We hereby inform you that in the procedures below the debtor\u2019s asset is not sufficient enough even to provide cover for the liquidation expenses. Furthermore the deficit of the records and the accounting making the procedure technically impractical according to the general rules.<\/p>\n<p>If you have any information about a company asset can be found and may be involved in the procedure or about some kind of fact that allows the regular procedure please make an announcement for the liquidator within 15 days.<\/p>\n<p>[\/et_pb_text][\/et_pb_column][\/et_pb_row][et_pb_row _builder_version=&#8221;4.16&#8243; _module_preset=&#8221;default&#8221; global_colors_info=&#8221;{}&#8221;][et_pb_column type=&#8221;4_4&#8243; _builder_version=&#8221;4.16&#8243; _module_preset=&#8221;default&#8221; global_colors_info=&#8221;{}&#8221;][et_pb_code _builder_version=&#8221;4.16&#8243; _module_preset=&#8221;default&#8221; global_colors_info=&#8221;{}&#8221;]<html><!-- [et_pb_line_break_holder] --><head><!-- [et_pb_line_break_holder] --><meta http-equiv=\"Content-Type\" content=\"text\/html; charset=utf-8\"><!-- [et_pb_line_break_holder] --><link rel=\"stylesheet\" type=\"text\/css\" href=\"efoki.css\">  <!-- [et_pb_line_break_holder] --><\/head><!-- [et_pb_line_break_holder] --><body><!-- [et_pb_line_break_holder] --><\/p>\n<table width=\"100%\" bgcolor=\"#494edd\" border=\"0\" cellspacing=\"0\" cellpadding=\"0\"><!-- [et_pb_line_break_holder] -->  <\/p>\n<tr><!-- [et_pb_line_break_holder] -->    <\/p>\n<td height=\"40\"><span class=\"fejlec\"><\/p>\n<div align=\"center\"><strong><font color=\"#FFFFFF\">Simplified procedures<\/div>\n<p><\/br><\/td>\n<p><!-- [et_pb_line_break_holder] -->  <\/tr>\n<p><!-- [et_pb_line_break_holder] --><\/table>\n<p><!-- [et_pb_line_break_holder] --><\/p>\n<div><!-- [et_pb_line_break_holder] --><\/p>\n<div style=\"height: 30px;\"><!-- [et_pb_line_break_holder] --><input type=\"text\" class=\"keressss\" id=\"kereso\" onkeyup=\"javascript: kereses();\" placeholder=\"Search...\" \/><!-- [et_pb_line_break_holder] --><\/div>\n<p><!-- [et_pb_line_break_holder] --><!\u2013- [et_pb_br_holder] -\u2013><!-- [et_pb_line_break_holder] --><\/p>\n<div style=\"overflow-x: scroll;\"><!-- [et_pb_line_break_holder] --><\/p>\n<div id=\"divPublicProceedingList\"><\/div>\n<p><!-- [et_pb_line_break_holder] --><\/div>\n<p><!-- [et_pb_line_break_holder] --><\/div>\n<p><!-- [et_pb_line_break_holder] --><script type=\"text\/javascript\" src=\"https:\/\/rendszer.efoki.hu\/Scripts\/publicpagemethods.js\"><\/script><!-- [et_pb_line_break_holder] --><script type=\"text\/javascript\"><!-- [et_pb_line_break_holder] -->\tGetDatas('EAAAADewzbER3H4xvY4v4BGoDE8Xe6sc7ncyYsTyqxP+O2Am', 1, 'proceedingType,proceedingName,proceedingClientHomeAddress,proceedingClientRegNumber,proceedingResponsibleName,companyMailAddress,proceedingDisclosure,proceedingFinish', 'https:\/\/rendszer.efoki.hu', 'proceedingDisclosure',true, '1,2,4,5,6','5ace7e3d-8e9c-4a2b-a49a-fc0f25a9af43','','')<!-- [et_pb_line_break_holder] --><\/script><!-- [et_pb_line_break_holder] --><\/p>\n<style><!-- [et_pb_line_break_holder] -->    tr:nth-child(even){<!-- [et_pb_line_break_holder] -->    background-color: rgb(235,235,235);<!-- [et_pb_line_break_holder] -->    }<!-- [et_pb_line_break_holder] -->    table {<!-- [et_pb_line_break_holder] -->        border-collapse: collapse;<!-- [et_pb_line_break_holder] -->        border-spacing: 0;<!-- [et_pb_line_break_holder] -->        border: 1px solid rgb(221,221,221);\t<!-- [et_pb_line_break_holder] -->        font-family: Verdana, Arial, Helvetica, sans-serif;<!-- [et_pb_line_break_holder] -->        font-size: 13px;<!-- [et_pb_line_break_holder] -->    }<!-- [et_pb_line_break_holder] -->    .keressss {<!-- [et_pb_line_break_holder] -->    \tpadding: 12px 20px;<!-- [et_pb_line_break_holder] -->        margin: 0;<!-- [et_pb_line_break_holder] -->        box-sizing: border-box;<!-- [et_pb_line_break_holder] -->    }<!-- [et_pb_line_break_holder] --><\/style>\n<p><!-- [et_pb_line_break_holder] --><\/body><!-- [et_pb_line_break_holder] --><\/html><!-- [et_pb_line_break_holder] --><!-- [et_pb_line_break_holder] --><!-- [et_pb_line_break_holder] --><!-- [et_pb_line_break_holder] --><!-- [et_pb_line_break_holder] --><!-- [et_pb_line_break_holder] -->[\/et_pb_code][\/et_pb_column][\/et_pb_row][\/et_pb_section]<\/p>","protected":false},"excerpt":{"rendered":"<p>A Cstv. 63\/B. \u00a7 (1) bek. szerinti felh\u00edv\u00e1s Ez\u00faton t\u00e1j\u00e9koztatjuk \u00d6n\u00f6ket, hogy az al\u00e1bbi felsz\u00e1mol\u00e1si elj\u00e1r\u00e1sokban az ad\u00f3s vagyona a v\u00e1rhat\u00f3 felsz\u00e1mol\u00e1si k\u00f6lts\u00e9gek fedezet\u00e9re sem elegend\u0151, illetve a nyilv\u00e1ntart\u00e1sok, a k\u00f6nyvvezet\u00e9s hi\u00e1nyai miatt a felsz\u00e1mol\u00e1si elj\u00e1r\u00e1s az \u00e1ltal\u00e1nos szab\u00e1lyok szerint technikailag lebonyol\u00edthatatlan. K\u00e9rj\u00fck, amennyiben b\u00e1rkinek tudom\u00e1sa van az ad\u00f3s b\u00e1rhol fellelhet\u0151 vagyon\u00e1r\u00f3l (ide\u00e9rtve az ingatlan- [&hellip;]<\/p>","protected":false},"author":1,"featured_media":0,"parent":0,"menu_order":0,"comment_status":"closed","ping_status":"closed","template":"","meta":{"_et_pb_use_builder":"on","_et_pb_old_content":"","_et_gb_content_width":"","footnotes":""},"class_list":["post-258","page","type-page","status-publish","hentry"],"_links":{"self":[{"href":"https:\/\/fejszamol.hu\/en\/wp-json\/wp\/v2\/pages\/258","targetHints":{"allow":["GET"]}}],"collection":[{"href":"https:\/\/fejszamol.hu\/en\/wp-json\/wp\/v2\/pages"}],"about":[{"href":"https:\/\/fejszamol.hu\/en\/wp-json\/wp\/v2\/types\/page"}],"author":[{"embeddable":true,"href":"https:\/\/fejszamol.hu\/en\/wp-json\/wp\/v2\/users\/1"}],"replies":[{"embeddable":true,"href":"https:\/\/fejszamol.hu\/en\/wp-json\/wp\/v2\/comments?post=258"}],"version-history":[{"count":8,"href":"https:\/\/fejszamol.hu\/en\/wp-json\/wp\/v2\/pages\/258\/revisions"}],"predecessor-version":[{"id":640,"href":"https:\/\/fejszamol.hu\/en\/wp-json\/wp\/v2\/pages\/258\/revisions\/640"}],"wp:attachment":[{"href":"https:\/\/fejszamol.hu\/en\/wp-json\/wp\/v2\/media?parent=258"}],"curies":[{"name":"wp","href":"https:\/\/api.w.org\/{rel}","templated":true}]}}