{"id":105,"date":"2019-12-28T04:00:05","date_gmt":"2019-12-28T04:00:05","guid":{"rendered":"http:\/\/business.divifixer.com\/?page_id=1550"},"modified":"2026-01-26T10:49:00","modified_gmt":"2026-01-26T10:49:00","slug":"kapcsolat","status":"publish","type":"page","link":"https:\/\/fejszamol.hu\/en\/kapcsolat\/","title":{"rendered":"Contact"},"content":{"rendered":"<p>[et_pb_section fb_built=&#8221;1&#8243; _builder_version=&#8221;4.16&#8243; background_enable_color=&#8221;off&#8221; use_background_color_gradient=&#8221;on&#8221; background_color_gradient_stops=&#8221;#29c4a9 0%|#2b87da 100%&#8221; background_color_gradient_start=&#8221;#29c4a9&#8243; background_color_gradient_end=&#8221;#2b87da&#8221; background_enable_image=&#8221;off&#8221; background_blend=&#8221;overlay&#8221; custom_padding=&#8221;||29px|||&#8221; bottom_divider_style=&#8221;slant&#8221; bottom_divider_color=&#8221;#ffffff&#8221; bottom_divider_flip=&#8221;horizontal&#8221; bottom_divider_arrangement=&#8221;above_content&#8221; global_colors_info=&#8221;{}&#8221;][et_pb_row custom_padding_last_edited=&#8221;on|phone&#8221; _builder_version=&#8221;4.16&#8243; background_enable_image=&#8221;off&#8221; custom_padding_tablet=&#8221;100px||50px||false|false&#8221; custom_padding_phone=&#8221;30px||||false|false&#8221; animation_direction=&#8221;bottom&#8221; scroll_vertical_motion=&#8221;0|50|50|100|1|0|0&#8243; scroll_fade=&#8221;0|40|60|100|0|100|0%&#8221; global_colors_info=&#8221;{}&#8221;][et_pb_column type=&#8221;4_4&#8243; _builder_version=&#8221;4.16&#8243; global_colors_info=&#8221;{}&#8221;][et_pb_text module_class=&#8221;dct-headline light&#8221; _builder_version=&#8221;4.16&#8243; header_2_text_color=&#8221;#ffffff&#8221; header_4_text_align=&#8221;left&#8221; background_layout=&#8221;dark&#8221; custom_padding=&#8221;||3px|||&#8221; hover_enabled=&#8221;0&#8243; global_colors_info=&#8221;{}&#8221; sticky_enabled=&#8221;0&#8243;]<\/p>\n<p><span>Fej-Sz\u00e1mol\u00f3 Felsz\u00e1mol\u00f3 Kft.<\/span><\/p>\n<h2>Contact<\/h2>\n<h4>CONTACT US, WE ARE HELPING<\/h4>\n<p>[\/et_pb_text][\/et_pb_column][\/et_pb_row][\/et_pb_section][et_pb_section fb_built=&#8221;1&#8243; fullwidth=&#8221;on&#8221; _builder_version=&#8221;4.16&#8243; _module_preset=&#8221;default&#8221; global_colors_info=&#8221;{}&#8221;][\/et_pb_section][et_pb_section fb_built=&#8221;1&#8243; _builder_version=&#8221;4.16&#8243; _module_preset=&#8221;default&#8221; global_colors_info=&#8221;{}&#8221;][et_pb_row _builder_version=&#8221;4.16&#8243; _module_preset=&#8221;default&#8221; global_colors_info=&#8221;{}&#8221;][et_pb_column type=&#8221;4_4&#8243; _builder_version=&#8221;4.16&#8243; _module_preset=&#8221;default&#8221; global_colors_info=&#8221;{}&#8221;][et_pb_text _builder_version=&#8221;4.27.5&#8243; _module_preset=&#8221;default&#8221; custom_padding=&#8221;||0px|||&#8221; hover_enabled=&#8221;0&#8243; global_colors_info=&#8221;{}&#8221; sticky_enabled=&#8221;0&#8243;]<\/p>\n<p><span style=\"font-size: medium;\">Company name: Fej-Sz\u00e1mol\u00f3 Felsz\u00e1mol\u00f3 Ltd.<\/span><\/p>\n<p><span style=\"font-size: medium;\">Phone number: +361-700-4220<br \/>H\u00e9tf\u0151 &#8211; kedd &#8211; cs\u00fct\u00f6rt\u00f6k: 10 &#8211; 15 \u00f3r\u00e1ig<\/span><\/p>\n<p><span style=\"font-size: medium;\">E-mail: info@fejszamol.hu<\/span><\/p>\n<p><span style=\"font-size: medium;\">Postal address: 1450 Budapest, Pf. 166.<\/span><\/p>\n<p><span style=\"font-size: medium;\">TAX ID: 27963137-2-41<\/span><\/p>\n<p><span style=\"font-size: medium;\">Residence: 1094 Budapest, P\u00e1va st. 8.<br \/>Nyitvatart\u00e1s: H\u00e9tf\u0151 &#8211; P\u00e9ntek 10 &#8211; 14 \u00f3r\u00e1ig<\/span><\/p>\n<p><span style=\"font-size: medium;\">Branches:<br \/><\/span>4400 Ny\u00edregyh\u00e1za, Kossuth utca 8\/A 2. em. 11.<br \/>2063 \u00d3barok, Pet\u0151fi S\u00e1ndor utca 6.<br \/>7630 P\u00e9cs, Sikl\u00f3si \u00fat 1\/1.<br \/>6800 H\u00f3dmez\u0151v\u00e1s\u00e1rhely, Nyizsnyai Guszt\u00e1v utca 13\/1.<\/p>\n<p><span style=\"font-size: medium;\">\u00a0<\/span><\/p>\n<p class=\"translation-block\">Because of the unpleasant covid situation we are kindly ask you to carry out the administration process primarily by electronic means or by telephone.<\/p>\n<p class=\"translation-block\">For personal administration you need to make an appointment on the contact listed.<\/p>\n<p>&nbsp;<\/p>\n<p>&nbsp;<\/p>\n<p><span style=\"font-size: small;\">The hosting provider of the site:<\/span><br \/><span style=\"font-size: small;\">COIN Ltd.<\/span><br \/><span style=\"font-size: small;\">www.cointech.hu<\/span><br \/><span style=\"font-size: small;\">Address: 1153 Budapest, B\u00e1cska street 15.<\/span><br \/><span style=\"font-size: small;\">E-mail: info@cointech.hu<\/span><\/p>\n<p>[\/et_pb_text][\/et_pb_column][\/et_pb_row][\/et_pb_section][et_pb_section fb_built=&#8221;1&#8243; module_class=&#8221;dct_contact&#8221; _builder_version=&#8221;4.16&#8243; background_image=&#8221;https:\/\/fejszamol.hu\/wp-content\/uploads\/2021\/03\/contact-us-map.jpg&#8221; custom_margin=&#8221;||||false|false&#8221; custom_padding=&#8221;||0px||false|false&#8221; bottom_divider_style=&#8221;slant&#8221; bottom_divider_color=&#8221;#ffffff&#8221; bottom_divider_flip=&#8221;vertical&#8221; global_colors_info=&#8221;{}&#8221;][et_pb_row column_structure=&#8221;2_3,1_3&#8243; use_custom_gutter=&#8221;on&#8221; gutter_width=&#8221;1&#8243; make_equal=&#8221;on&#8221; _builder_version=&#8221;4.16&#8243; module_alignment=&#8221;center&#8221; global_colors_info=&#8221;{}&#8221;][et_pb_column type=&#8221;2_3&#8243; _builder_version=&#8221;4.16&#8243; background_color=&#8221;#ffffff&#8221; custom_padding=&#8221;50px|70px|50px|70px|true|true&#8221; custom_padding_tablet=&#8221;20px|20px|20px|20px|true|true&#8221; custom_padding_phone=&#8221;&#8221; custom_padding_last_edited=&#8221;on|phone&#8221; custom_css_main_element=&#8221;box-shadow: 0px 0px 40px 0px rgba(0, 0, 0, 0.1);&#8221; global_colors_info=&#8221;{}&#8221;][et_pb_contact_form captcha=&#8221;off&#8221; email=&#8221;info@fejszamol.hu&#8221; title=&#8221; \u00cdrjon nek\u00fcnk&#8221; success_message=&#8221;Sikeres \u00fczenetk\u00fcld\u00e9s, hamarosan v\u00e1laszolunk.&#8221; submit_button_text=&#8221;K\u00fcld\u00e9s&#8221; _builder_version=&#8221;4.16&#8243; _unique_id=&#8221;a8fd7934-ab94-4874-8bba-32dad577f941&#8243; global_colors_info=&#8221;{}&#8221;][et_pb_contact_field field_id=&#8221;Name&#8221; field_title=&#8221;N\u00e9v&#8221; _builder_version=&#8221;4.16&#8243; global_colors_info=&#8221;{}&#8221; button_text_size__hover_enabled=&#8221;off&#8221; button_one_text_size__hover_enabled=&#8221;off&#8221; button_two_text_size__hover_enabled=&#8221;off&#8221; button_text_color__hover_enabled=&#8221;off&#8221; button_one_text_color__hover_enabled=&#8221;off&#8221; button_two_text_color__hover_enabled=&#8221;off&#8221; button_border_width__hover_enabled=&#8221;off&#8221; button_one_border_width__hover_enabled=&#8221;off&#8221; button_two_border_width__hover_enabled=&#8221;off&#8221; button_border_color__hover_enabled=&#8221;off&#8221; button_one_border_color__hover_enabled=&#8221;off&#8221; button_two_border_color__hover_enabled=&#8221;off&#8221; button_border_radius__hover_enabled=&#8221;off&#8221; button_one_border_radius__hover_enabled=&#8221;off&#8221; button_two_border_radius__hover_enabled=&#8221;off&#8221; button_letter_spacing__hover_enabled=&#8221;off&#8221; button_one_letter_spacing__hover_enabled=&#8221;off&#8221; button_two_letter_spacing__hover_enabled=&#8221;off&#8221; button_bg_color__hover_enabled=&#8221;off&#8221; button_one_bg_color__hover_enabled=&#8221;off&#8221; button_two_bg_color__hover_enabled=&#8221;off&#8221;][\/et_pb_contact_field][et_pb_contact_field field_id=&#8221;Email&#8221; field_title=&#8221;E-mail&#8221; field_type=&#8221;email&#8221; _builder_version=&#8221;4.16&#8243; global_colors_info=&#8221;{}&#8221; button_text_size__hover_enabled=&#8221;off&#8221; button_one_text_size__hover_enabled=&#8221;off&#8221; button_two_text_size__hover_enabled=&#8221;off&#8221; button_text_color__hover_enabled=&#8221;off&#8221; button_one_text_color__hover_enabled=&#8221;off&#8221; button_two_text_color__hover_enabled=&#8221;off&#8221; button_border_width__hover_enabled=&#8221;off&#8221; button_one_border_width__hover_enabled=&#8221;off&#8221; button_two_border_width__hover_enabled=&#8221;off&#8221; button_border_color__hover_enabled=&#8221;off&#8221; button_one_border_color__hover_enabled=&#8221;off&#8221; button_two_border_color__hover_enabled=&#8221;off&#8221; button_border_radius__hover_enabled=&#8221;off&#8221; button_one_border_radius__hover_enabled=&#8221;off&#8221; button_two_border_radius__hover_enabled=&#8221;off&#8221; button_letter_spacing__hover_enabled=&#8221;off&#8221; button_one_letter_spacing__hover_enabled=&#8221;off&#8221; button_two_letter_spacing__hover_enabled=&#8221;off&#8221; button_bg_color__hover_enabled=&#8221;off&#8221; button_one_bg_color__hover_enabled=&#8221;off&#8221; button_two_bg_color__hover_enabled=&#8221;off&#8221;][\/et_pb_contact_field][et_pb_contact_field field_id=&#8221;Phone&#8221; field_title=&#8221;Telefonsz\u00e1m&#8221; allowed_symbols=&#8221;numbers&#8221; _builder_version=&#8221;4.16&#8243; global_colors_info=&#8221;{}&#8221; button_text_size__hover_enabled=&#8221;off&#8221; button_one_text_size__hover_enabled=&#8221;off&#8221; button_two_text_size__hover_enabled=&#8221;off&#8221; button_text_color__hover_enabled=&#8221;off&#8221; button_one_text_color__hover_enabled=&#8221;off&#8221; button_two_text_color__hover_enabled=&#8221;off&#8221; button_border_width__hover_enabled=&#8221;off&#8221; button_one_border_width__hover_enabled=&#8221;off&#8221; button_two_border_width__hover_enabled=&#8221;off&#8221; button_border_color__hover_enabled=&#8221;off&#8221; button_one_border_color__hover_enabled=&#8221;off&#8221; button_two_border_color__hover_enabled=&#8221;off&#8221; button_border_radius__hover_enabled=&#8221;off&#8221; button_one_border_radius__hover_enabled=&#8221;off&#8221; button_two_border_radius__hover_enabled=&#8221;off&#8221; button_letter_spacing__hover_enabled=&#8221;off&#8221; button_one_letter_spacing__hover_enabled=&#8221;off&#8221; button_two_letter_spacing__hover_enabled=&#8221;off&#8221; button_bg_color__hover_enabled=&#8221;off&#8221; button_one_bg_color__hover_enabled=&#8221;off&#8221; button_two_bg_color__hover_enabled=&#8221;off&#8221;][\/et_pb_contact_field][et_pb_contact_field field_id=&#8221;Subject&#8221; field_title=&#8221;T\u00e1rgy&#8221; _builder_version=&#8221;4.16&#8243; global_colors_info=&#8221;{}&#8221; button_text_size__hover_enabled=&#8221;off&#8221; button_one_text_size__hover_enabled=&#8221;off&#8221; button_two_text_size__hover_enabled=&#8221;off&#8221; button_text_color__hover_enabled=&#8221;off&#8221; button_one_text_color__hover_enabled=&#8221;off&#8221; button_two_text_color__hover_enabled=&#8221;off&#8221; button_border_width__hover_enabled=&#8221;off&#8221; button_one_border_width__hover_enabled=&#8221;off&#8221; button_two_border_width__hover_enabled=&#8221;off&#8221; button_border_color__hover_enabled=&#8221;off&#8221; button_one_border_color__hover_enabled=&#8221;off&#8221; button_two_border_color__hover_enabled=&#8221;off&#8221; button_border_radius__hover_enabled=&#8221;off&#8221; button_one_border_radius__hover_enabled=&#8221;off&#8221; button_two_border_radius__hover_enabled=&#8221;off&#8221; button_letter_spacing__hover_enabled=&#8221;off&#8221; button_one_letter_spacing__hover_enabled=&#8221;off&#8221; button_two_letter_spacing__hover_enabled=&#8221;off&#8221; button_bg_color__hover_enabled=&#8221;off&#8221; button_one_bg_color__hover_enabled=&#8221;off&#8221; button_two_bg_color__hover_enabled=&#8221;off&#8221;][\/et_pb_contact_field][et_pb_contact_field field_id=&#8221;Message&#8221; field_title=&#8221;\u00dczenet&#8221; field_type=&#8221;text&#8221; fullwidth_field=&#8221;on&#8221; _builder_version=&#8221;4.16&#8243; global_colors_info=&#8221;{}&#8221; button_text_size__hover_enabled=&#8221;off&#8221; button_one_text_size__hover_enabled=&#8221;off&#8221; button_two_text_size__hover_enabled=&#8221;off&#8221; button_text_color__hover_enabled=&#8221;off&#8221; button_one_text_color__hover_enabled=&#8221;off&#8221; button_two_text_color__hover_enabled=&#8221;off&#8221; button_border_width__hover_enabled=&#8221;off&#8221; button_one_border_width__hover_enabled=&#8221;off&#8221; button_two_border_width__hover_enabled=&#8221;off&#8221; button_border_color__hover_enabled=&#8221;off&#8221; button_one_border_color__hover_enabled=&#8221;off&#8221; button_two_border_color__hover_enabled=&#8221;off&#8221; button_border_radius__hover_enabled=&#8221;off&#8221; button_one_border_radius__hover_enabled=&#8221;off&#8221; button_two_border_radius__hover_enabled=&#8221;off&#8221; button_letter_spacing__hover_enabled=&#8221;off&#8221; button_one_letter_spacing__hover_enabled=&#8221;off&#8221; button_two_letter_spacing__hover_enabled=&#8221;off&#8221; button_bg_color__hover_enabled=&#8221;off&#8221; button_one_bg_color__hover_enabled=&#8221;off&#8221; button_two_bg_color__hover_enabled=&#8221;off&#8221;][\/et_pb_contact_field][\/et_pb_contact_form][\/et_pb_column][et_pb_column type=&#8221;1_3&#8243; _builder_version=&#8221;4.16&#8243; background_color=&#8221;#1b4962&#8243; custom_padding=&#8221;50px|50px|50px|50px|true|true&#8221; custom_padding_tablet=&#8221;20px|20px|20px|20px|true|true&#8221; custom_padding_phone=&#8221;&#8221; custom_padding_last_edited=&#8221;on|tablet&#8221; global_colors_info=&#8221;{}&#8221;][et_pb_blurb title=&#8221;Irod\u00e1nk c\u00edme&#8221; image=&#8221;https:\/\/fejszamol.hu\/wp-content\/uploads\/2021\/03\/icon-placeholder.png&#8221; icon_placement=&#8221;left&#8221; _builder_version=&#8221;4.27.5&#8243; global_colors_info=&#8221;{}&#8221;]<\/p>\n<p>1094 Budapest, P\u00e1va street 8.<br \/>Nyitvatart\u00e1s: H\u00e9tf\u0151 &#8211; P\u00e9ntek: 10 &#8211; 14 \u00f3ra<\/p>\n<p>[\/et_pb_blurb][et_pb_blurb title=&#8221;Telefonsz\u00e1m&#8221; image=&#8221;https:\/\/fejszamol.hu\/wp-content\/uploads\/2021\/03\/icon-phone-call.png&#8221; icon_placement=&#8221;left&#8221; _builder_version=&#8221;4.17.1&#8243; custom_margin=&#8221;50px||50px||true|false&#8221; global_colors_info=&#8221;{}&#8221;]<\/p>\n<p>Tel.: +3617004220<br \/>H &#8211; K &#8211; Cs: 10-15-ig<\/p>\n<p>[\/et_pb_blurb][et_pb_blurb title=&#8221; E-mail C\u00edm\u00fcnk&#8221; image=&#8221;https:\/\/fejszamol.hu\/wp-content\/uploads\/2021\/03\/icon-message.png&#8221; icon_placement=&#8221;left&#8221; _builder_version=&#8221;4.16&#8243; custom_margin=&#8221;||50px||false|false&#8221; global_colors_info=&#8221;{}&#8221;]<\/p>\n<p>info@fejszamol.hu<\/p>\n<p>[\/et_pb_blurb][et_pb_blurb title=&#8221;Sz\u00e9khely\u00fcnk&#8221; image=&#8221;https:\/\/fejszamol.hu\/wp-content\/uploads\/2021\/03\/icon-placeholder.png&#8221; icon_placement=&#8221;left&#8221; _builder_version=&#8221;4.16&#8243; global_colors_info=&#8221;{}&#8221;]<\/p>\n<p>1094 Budapest, P\u00e1va st. 8.\u200b<\/p>\n<p>[\/et_pb_blurb][\/et_pb_column][\/et_pb_row][\/et_pb_section][et_pb_section fb_built=&#8221;1&#8243; _builder_version=&#8221;4.16&#8243; custom_padding=&#8221;0px||0px||true|&#8221; global_colors_info=&#8221;{}&#8221;][et_pb_row _builder_version=&#8221;4.16&#8243; width=&#8221;100%&#8221; max_width=&#8221;100%&#8221; custom_padding=&#8221;0px||0px||true|false&#8221; global_colors_info=&#8221;{}&#8221;][et_pb_column type=&#8221;4_4&#8243; _builder_version=&#8221;4.16&#8243; global_colors_info=&#8221;{}&#8221;][\/et_pb_column][\/et_pb_row][et_pb_row _builder_version=&#8221;4.16&#8243; width=&#8221;100%&#8221; max_width=&#8221;100%&#8221; custom_padding=&#8221;0px||0px||true|false&#8221; global_colors_info=&#8221;{}&#8221;][et_pb_column type=&#8221;4_4&#8243; _builder_version=&#8221;4.16&#8243; global_colors_info=&#8221;{}&#8221;][et_pb_code _builder_version=&#8221;4.16&#8243; global_colors_info=&#8221;{}&#8221;]<iframe loading=\"lazy\" src=\"https:\/\/www.google.com\/maps\/embed?pb=!1m18!1m12!1m3!1d2696.4592768836965!2d19.06956595086979!3d47.480965604539826!2m3!1f0!2f0!3f0!3m2!1i1024!2i768!4f13.1!3m3!1m2!1s0x4741dcf8d9fc069d%3A0xa49f3a47ff7fdf6a!2sBudapest%2C%20P%C3%A1va%20u.%208%2C%201094!5e0!3m2!1shu!2shu!4v1620881838858!5m2!1shu!2shu\" width=\"100%\" height=\"400\" frameborder=\"0\" style=\"border:0\"><\/iframe>[\/et_pb_code][\/et_pb_column][\/et_pb_row][\/et_pb_section]<\/p>","protected":false},"excerpt":{"rendered":"<p>Fej-Sz\u00e1mol\u00f3 Felsz\u00e1mol\u00f3 Kft. Kapcsolat Keressen minket, seg\u00edt\u00fcnkC\u00e9g neve: Fej-Sz\u00e1mol\u00f3 Felsz\u00e1mol\u00f3 Kft. Telefon: +361-700-4220H\u00e9tf\u0151 &#8211; kedd &#8211; cs\u00fct\u00f6rt\u00f6k: 10 &#8211; 15 \u00f3r\u00e1ig E-mail: info@fejszamol.hu Levelez\u00e9si c\u00edm: 1450 Budapest, Pf. 166. Ad\u00f3sz\u00e1m: 27963137-2-41 Sz\u00e9khely: 1094 Budapest, P\u00e1va u. 8.Nyitvatart\u00e1s: H\u00e9tf\u0151 &#8211; P\u00e9ntek 10 &#8211; 14 \u00f3r\u00e1ig Fi\u00f3ktelepek:4400 Ny\u00edregyh\u00e1za, Kossuth utca 8\/A 2. em. 11.2063 \u00d3barok, Pet\u0151fi S\u00e1ndor [&hellip;]<\/p>","protected":false},"author":1,"featured_media":0,"parent":0,"menu_order":0,"comment_status":"closed","ping_status":"closed","template":"","meta":{"_et_pb_use_builder":"on","_et_pb_old_content":"","_et_gb_content_width":"","footnotes":""},"class_list":["post-105","page","type-page","status-publish","hentry"],"_links":{"self":[{"href":"https:\/\/fejszamol.hu\/en\/wp-json\/wp\/v2\/pages\/105","targetHints":{"allow":["GET"]}}],"collection":[{"href":"https:\/\/fejszamol.hu\/en\/wp-json\/wp\/v2\/pages"}],"about":[{"href":"https:\/\/fejszamol.hu\/en\/wp-json\/wp\/v2\/types\/page"}],"author":[{"embeddable":true,"href":"https:\/\/fejszamol.hu\/en\/wp-json\/wp\/v2\/users\/1"}],"replies":[{"embeddable":true,"href":"https:\/\/fejszamol.hu\/en\/wp-json\/wp\/v2\/comments?post=105"}],"version-history":[{"count":32,"href":"https:\/\/fejszamol.hu\/en\/wp-json\/wp\/v2\/pages\/105\/revisions"}],"predecessor-version":[{"id":667,"href":"https:\/\/fejszamol.hu\/en\/wp-json\/wp\/v2\/pages\/105\/revisions\/667"}],"wp:attachment":[{"href":"https:\/\/fejszamol.hu\/en\/wp-json\/wp\/v2\/media?parent=105"}],"curies":[{"name":"wp","href":"https:\/\/api.w.org\/{rel}","templated":true}]}}